{"id":2520,"date":"2019-06-18T08:05:19","date_gmt":"2019-06-18T08:05:19","guid":{"rendered":"https:\/\/tamware.com\/tursystem-fur-schienenfahrzeuge\/"},"modified":"2019-08-14T11:20:11","modified_gmt":"2019-08-14T11:20:11","slug":"tursystem-fur-schienenfahrzeuge","status":"publish","type":"page","link":"https:\/\/tamware.com\/de\/tursystem-fur-schienenfahrzeuge\/","title":{"rendered":"T\u00fcrsysteme f\u00fcr Schienenfahrzeuge"},"content":{"rendered":"<div class=\"fusion-fullwidth fullwidth-box nonhundred-percent-fullwidth non-hundred-percent-height-scrolling\"  style='background-color: rgba(255,255,255,0);background-position: center center;background-repeat: no-repeat;padding-top:0px;padding-right:0px;padding-bottom:0px;padding-left:0px;'><div class=\"fusion-builder-row fusion-row \"><div id=\"door-systems-list\" class=\"fusion-layout-column fusion_builder_column fusion_builder_column_1_1  fusion-one-full fusion-column-first fusion-column-last sectionTitleColumn 1_1\"  style='margin-top:0px;margin-bottom:50px;'>\n\t\t\t\t\t<div class=\"fusion-column-wrapper\" style=\"padding: 2% 0px 2% 0px;background-position:left top;background-repeat:no-repeat;-webkit-background-size:cover;-moz-background-size:cover;-o-background-size:cover;background-size:cover;\"  data-bg-url=\"\">\n\t\t\t\t\t\t<div class=\"fusion-column-content-centered\"><div class=\"fusion-column-content\"><div class=\"fusion-text\"><h3 style=\"text-align: center;\">Eine gro\u00dfe Auswahl an Optionen f\u00fcr Stadtbahnfahrzeuge<\/h3>\n<\/div><div class=\"fusion-text\"><p style=\"text-align: center;\">Sie werden in unserem umfassenden Angebot die richtige L\u00f6sung f\u00fcr Ihre Anforderungen finden, auch f\u00fcr schwierige Fahrtziele,<br \/>\nund wir k\u00f6nnen unsere Optionen entsprechend Ihren W\u00fcnschen gestalten.<\/p>\n<\/div><div class=\"fusion-blog-shortcode fusion-blog-shortcode-1 fusion-blog-archive fusion-blog-layout-grid-wrapper fusion-blog-pagination blog-list-element\" id=\"blog-list\"><style type=\"text\/css\">.fusion-blog-shortcode-1 .fusion-blog-layout-grid .fusion-post-grid{padding:10px;}.fusion-blog-shortcode-1 .fusion-posts-container{margin-left: -10px !important; margin-right:-10px !important;}<\/style><div class=\"fusion-posts-container fusion-posts-container-pagination fusion-blog-rollover fusion-blog-layout-grid fusion-blog-layout-grid-3 isotope fusion-blog-equal-heights\" data-pages=\"1\" data-grid-col-space=\"20\" style=\"margin: -10px -10px 0;min-height:500px;\"><article id=\"blog-1-post-2557\" class=\"fusion-post-grid post-2557 post type-post status-publish format-standard has-post-thumbnail hentry category-rail-door-systems-de\">\n<div class=\"fusion-post-wrapper\" style=\"background-color:rgba(255,255,255,0);border:none;\">\n\n\t\t\t<div class=\"fusion-flexslider flexslider fusion-flexslider-loading fusion-post-slideshow\" style=&quot;border-color:rgba(239,239,239,0)&quot;>\n\t\t<ul class=\"slides\">\n\t\t\t\n\t\t\t\t\t\t\t\t\t\t\t\t\t\t\t\t\t\t<li>\n\n<div  class=\"fusion-image-wrapper\" aria-haspopup=\"true\">\n\t\n\t\n\t\t\n\t\t\t\t\t<img width=\"40\" height=\"11\" src=\"https:\/\/tamware.com\/wp-content\/uploads\/2018\/03\/sliding-nega.svg\" class=\"attachment-full size-full wp-post-image\" alt=\"\" loading=\"lazy\" \/>\n\t\n\n\t\t<div class=\"fusion-rollover\">\n\t<div class=\"fusion-rollover-content\">\n\n\t\t\t\t\n\t\t\t\t\n\t\t\t\t\t\t\t\t\t\t\t\t<h4 class=\"fusion-rollover-title\">\n\t\t\t\t\t<a href=\"https:\/\/tamware.com\/de\/rail-door-systems-de\/stadtbahnfahrzeuge-schwenkschiebetur-systeme\/\">\n\t\t\t\t\t\tStadtbahnfahrzeuge \u2013 Schwenkschiebet\u00fcr-Systeme\t\t\t\t\t<\/a>\n\t\t\t\t<\/h4>\n\t\t\t\n\t\t\t\t\t\t\t\t\n\t\t\n\t\t\t\t<a class=\"fusion-link-wrapper\" href=\"https:\/\/tamware.com\/de\/rail-door-systems-de\/stadtbahnfahrzeuge-schwenkschiebetur-systeme\/\" aria-label=\"Stadtbahnfahrzeuge \u2013 Schwenkschiebet\u00fcr-Systeme\"><\/a>\n\t<\/div>\n<\/div>\n\n\t\n<\/div>\n<\/li>\n\t\t\t\n\t\t\t\n\t\t\t\t\t\t\t\t\t\t\t\t\t\t\t\t\t\t\t\t\t\t\t\t\t\t\t\t\t\t\t\t\t\t\t\t\t\t\t\t\t\t\t\t\t\t\t\t\t\t\t\t\t\t\t\t\t\t\t\t\t\t\t\t\t\t\t\t<\/ul>\n\t<\/div>\n<div class=\"fusion-post-content-wrapper\" style=\"padding:30px 25px 20px 25px;\"><div class=\"fusion-post-content post-content\"><h2 class=\"blog-shortcode-post-title entry-title\">Stadtbahnfahrzeuge \u2013 Schwenkschiebet\u00fcr-Systeme<\/h2><div class=\"fusion-content-sep sep-none\" style=\"border-color:rgba(224,222,222,0);\"><\/div><\/div><div class=\"fusion-meta-info\"><div class=\"fusion-alignleft\"><a class=\"fusion-read-more\" href=\"https:\/\/tamware.com\/de\/rail-door-systems-de\/stadtbahnfahrzeuge-schwenkschiebetur-systeme\/\">Lesen Sie mehr<\/a><\/div><\/div><\/div><div class=\"fusion-clearfix\"><\/div><\/div>\n<\/article>\n<article id=\"blog-1-post-2544\" class=\"fusion-post-grid post-2544 post type-post status-publish format-standard has-post-thumbnail hentry category-rail-door-systems-de\">\n<div class=\"fusion-post-wrapper\" style=\"background-color:rgba(255,255,255,0);border:none;\">\n\n\t\t\t<div class=\"fusion-flexslider flexslider fusion-flexslider-loading fusion-post-slideshow\" style=&quot;border-color:rgba(239,239,239,0)&quot;>\n\t\t<ul class=\"slides\">\n\t\t\t\n\t\t\t\t\t\t\t\t\t\t\t\t\t\t\t\t\t\t<li>\n\n<div  class=\"fusion-image-wrapper\" aria-haspopup=\"true\">\n\t\n\t\n\t\t\n\t\t\t\t\t<img width=\"37\" height=\"31\" src=\"https:\/\/tamware.com\/wp-content\/uploads\/2018\/03\/door-control-nega-1.svg\" class=\"attachment-full size-full wp-post-image\" alt=\"\" loading=\"lazy\" \/>\n\t\n\n\t\t<div class=\"fusion-rollover\">\n\t<div class=\"fusion-rollover-content\">\n\n\t\t\t\t\n\t\t\t\t\n\t\t\t\t\t\t\t\t\t\t\t\t<h4 class=\"fusion-rollover-title\">\n\t\t\t\t\t<a href=\"https:\/\/tamware.com\/de\/rail-door-systems-de\/tamware-tursteuerung-schienenfahrzeuge\/\">\n\t\t\t\t\t\tT\u00fcrsteuerung von Tamware, SCHIENENFAHRZEUGE\t\t\t\t\t<\/a>\n\t\t\t\t<\/h4>\n\t\t\t\n\t\t\t\t\t\t\t\t\n\t\t\n\t\t\t\t<a class=\"fusion-link-wrapper\" href=\"https:\/\/tamware.com\/de\/rail-door-systems-de\/tamware-tursteuerung-schienenfahrzeuge\/\" aria-label=\"T\u00fcrsteuerung von Tamware, SCHIENENFAHRZEUGE\"><\/a>\n\t<\/div>\n<\/div>\n\n\t\n<\/div>\n<\/li>\n\t\t\t\n\t\t\t\n\t\t\t\t\t\t\t\t\t\t\t\t\t\t\t\t\t\t\t\t\t\t\t\t\t\t\t\t\t\t\t\t\t\t\t\t\t\t\t\t\t\t\t\t\t\t\t\t\t\t\t\t\t\t\t\t\t\t\t\t\t\t\t\t\t\t\t\t<\/ul>\n\t<\/div>\n<div class=\"fusion-post-content-wrapper\" style=\"padding:30px 25px 20px 25px;\"><div class=\"fusion-post-content post-content\"><h2 class=\"blog-shortcode-post-title entry-title\">T\u00fcrsteuerung von Tamware, SCHIENENFAHRZEUGE<\/h2><div class=\"fusion-content-sep sep-none\" style=\"border-color:rgba(224,222,222,0);\"><\/div><\/div><div class=\"fusion-meta-info\"><div class=\"fusion-alignleft\"><a class=\"fusion-read-more\" href=\"https:\/\/tamware.com\/de\/rail-door-systems-de\/tamware-tursteuerung-schienenfahrzeuge\/\">Lesen Sie mehr<\/a><\/div><\/div><\/div><div class=\"fusion-clearfix\"><\/div><\/div>\n<\/article>\n<div class=\"fusion-clearfix\"><\/div><\/div><\/div><\/div><\/div><div class=\"fusion-clearfix\"><\/div>\n\n\t\t\t\t\t<\/div>\n\t\t\t\t<\/div><\/div><\/div>\n","protected":false},"excerpt":{"rendered":"","protected":false},"author":1,"featured_media":0,"parent":0,"menu_order":0,"comment_status":"closed","ping_status":"closed","template":"100-width.php","meta":[],"yoast_head":"<!-- This site is optimized with the Yoast SEO plugin v19.13 - https:\/\/yoast.com\/wordpress\/plugins\/seo\/ -->\n<title>T\u00fcrsysteme f\u00fcr Schienenfahrzeuge &gt; Tamware<\/title>\n<meta name=\"robots\" content=\"index, follow, max-snippet:-1, max-image-preview:large, max-video-preview:-1\" \/>\n<link rel=\"canonical\" href=\"https:\/\/tamware.com\/de\/tursystem-fur-schienenfahrzeuge\/\" \/>\n<meta property=\"og:locale\" content=\"de_DE\" \/>\n<meta property=\"og:type\" content=\"article\" \/>\n<meta property=\"og:title\" content=\"T\u00fcrsysteme f\u00fcr Schienenfahrzeuge &gt; Tamware\" \/>\n<meta property=\"og:url\" content=\"https:\/\/tamware.com\/de\/tursystem-fur-schienenfahrzeuge\/\" \/>\n<meta property=\"og:site_name\" content=\"Tamware\" \/>\n<meta property=\"article:modified_time\" content=\"2019-08-14T11:20:11+00:00\" \/>\n<meta property=\"og:image\" content=\"https:\/\/tamware.com\/wp-content\/uploads\/2018\/09\/IVAN.jpg\" \/>\n\t<meta property=\"og:image:width\" content=\"2000\" \/>\n\t<meta property=\"og:image:height\" content=\"1593\" \/>\n\t<meta property=\"og:image:type\" content=\"image\/jpeg\" \/>\n<meta name=\"twitter:card\" content=\"summary_large_image\" \/>\n<meta name=\"twitter:label1\" content=\"Gesch\u00e4tzte Lesezeit\" \/>\n\t<meta name=\"twitter:data1\" content=\"2\u00a0Minuten\" \/>\n<script type=\"application\/ld+json\" class=\"yoast-schema-graph\">{\"@context\":\"https:\/\/schema.org\",\"@graph\":[{\"@type\":\"WebPage\",\"@id\":\"https:\/\/tamware.com\/de\/tursystem-fur-schienenfahrzeuge\/\",\"url\":\"https:\/\/tamware.com\/de\/tursystem-fur-schienenfahrzeuge\/\",\"name\":\"T\u00fcrsysteme f\u00fcr Schienenfahrzeuge &gt; Tamware\",\"isPartOf\":{\"@id\":\"https:\/\/tamware.com\/#website\"},\"datePublished\":\"2019-06-18T08:05:19+00:00\",\"dateModified\":\"2019-08-14T11:20:11+00:00\",\"breadcrumb\":{\"@id\":\"https:\/\/tamware.com\/de\/tursystem-fur-schienenfahrzeuge\/#breadcrumb\"},\"inLanguage\":\"de\",\"potentialAction\":[{\"@type\":\"ReadAction\",\"target\":[\"https:\/\/tamware.com\/de\/tursystem-fur-schienenfahrzeuge\/\"]}]},{\"@type\":\"BreadcrumbList\",\"@id\":\"https:\/\/tamware.com\/de\/tursystem-fur-schienenfahrzeuge\/#breadcrumb\",\"itemListElement\":[{\"@type\":\"ListItem\",\"position\":1,\"name\":\"Home\",\"item\":\"https:\/\/tamware.com\/de\/\"},{\"@type\":\"ListItem\",\"position\":2,\"name\":\"T\u00fcrsysteme f\u00fcr Schienenfahrzeuge\"}]},{\"@type\":\"WebSite\",\"@id\":\"https:\/\/tamware.com\/#website\",\"url\":\"https:\/\/tamware.com\/\",\"name\":\"Tamware\",\"description\":\"A comprehensive door system supplier for public transportation\",\"publisher\":{\"@id\":\"https:\/\/tamware.com\/#organization\"},\"potentialAction\":[{\"@type\":\"SearchAction\",\"target\":{\"@type\":\"EntryPoint\",\"urlTemplate\":\"https:\/\/tamware.com\/?s={search_term_string}\"},\"query-input\":\"required name=search_term_string\"}],\"inLanguage\":\"de\"},{\"@type\":\"Organization\",\"@id\":\"https:\/\/tamware.com\/#organization\",\"name\":\"Tamware\",\"url\":\"https:\/\/tamware.com\/\",\"logo\":{\"@type\":\"ImageObject\",\"inLanguage\":\"de\",\"@id\":\"https:\/\/tamware.com\/#\/schema\/logo\/image\/\",\"url\":\"https:\/\/tamware.com\/wp-content\/uploads\/2018\/03\/logo2-4.svg\",\"contentUrl\":\"https:\/\/tamware.com\/wp-content\/uploads\/2018\/03\/logo2-4.svg\",\"caption\":\"Tamware\"},\"image\":{\"@id\":\"https:\/\/tamware.com\/#\/schema\/logo\/image\/\"}}]}<\/script>\n<!-- \/ Yoast SEO plugin. -->","yoast_head_json":{"title":"T\u00fcrsysteme f\u00fcr Schienenfahrzeuge &gt; Tamware","robots":{"index":"index","follow":"follow","max-snippet":"max-snippet:-1","max-image-preview":"max-image-preview:large","max-video-preview":"max-video-preview:-1"},"canonical":"https:\/\/tamware.com\/de\/tursystem-fur-schienenfahrzeuge\/","og_locale":"de_DE","og_type":"article","og_title":"T\u00fcrsysteme f\u00fcr Schienenfahrzeuge &gt; Tamware","og_url":"https:\/\/tamware.com\/de\/tursystem-fur-schienenfahrzeuge\/","og_site_name":"Tamware","article_modified_time":"2019-08-14T11:20:11+00:00","og_image":[{"width":2000,"height":1593,"url":"https:\/\/tamware.com\/wp-content\/uploads\/2018\/09\/IVAN.jpg","type":"image\/jpeg"}],"twitter_card":"summary_large_image","twitter_misc":{"Gesch\u00e4tzte Lesezeit":"2\u00a0Minuten"},"schema":{"@context":"https:\/\/schema.org","@graph":[{"@type":"WebPage","@id":"https:\/\/tamware.com\/de\/tursystem-fur-schienenfahrzeuge\/","url":"https:\/\/tamware.com\/de\/tursystem-fur-schienenfahrzeuge\/","name":"T\u00fcrsysteme f\u00fcr Schienenfahrzeuge &gt; Tamware","isPartOf":{"@id":"https:\/\/tamware.com\/#website"},"datePublished":"2019-06-18T08:05:19+00:00","dateModified":"2019-08-14T11:20:11+00:00","breadcrumb":{"@id":"https:\/\/tamware.com\/de\/tursystem-fur-schienenfahrzeuge\/#breadcrumb"},"inLanguage":"de","potentialAction":[{"@type":"ReadAction","target":["https:\/\/tamware.com\/de\/tursystem-fur-schienenfahrzeuge\/"]}]},{"@type":"BreadcrumbList","@id":"https:\/\/tamware.com\/de\/tursystem-fur-schienenfahrzeuge\/#breadcrumb","itemListElement":[{"@type":"ListItem","position":1,"name":"Home","item":"https:\/\/tamware.com\/de\/"},{"@type":"ListItem","position":2,"name":"T\u00fcrsysteme f\u00fcr Schienenfahrzeuge"}]},{"@type":"WebSite","@id":"https:\/\/tamware.com\/#website","url":"https:\/\/tamware.com\/","name":"Tamware","description":"A comprehensive door system supplier for public transportation","publisher":{"@id":"https:\/\/tamware.com\/#organization"},"potentialAction":[{"@type":"SearchAction","target":{"@type":"EntryPoint","urlTemplate":"https:\/\/tamware.com\/?s={search_term_string}"},"query-input":"required name=search_term_string"}],"inLanguage":"de"},{"@type":"Organization","@id":"https:\/\/tamware.com\/#organization","name":"Tamware","url":"https:\/\/tamware.com\/","logo":{"@type":"ImageObject","inLanguage":"de","@id":"https:\/\/tamware.com\/#\/schema\/logo\/image\/","url":"https:\/\/tamware.com\/wp-content\/uploads\/2018\/03\/logo2-4.svg","contentUrl":"https:\/\/tamware.com\/wp-content\/uploads\/2018\/03\/logo2-4.svg","caption":"Tamware"},"image":{"@id":"https:\/\/tamware.com\/#\/schema\/logo\/image\/"}}]}},"_links":{"self":[{"href":"https:\/\/tamware.com\/de\/wp-json\/wp\/v2\/pages\/2520"}],"collection":[{"href":"https:\/\/tamware.com\/de\/wp-json\/wp\/v2\/pages"}],"about":[{"href":"https:\/\/tamware.com\/de\/wp-json\/wp\/v2\/types\/page"}],"author":[{"embeddable":true,"href":"https:\/\/tamware.com\/de\/wp-json\/wp\/v2\/users\/1"}],"replies":[{"embeddable":true,"href":"https:\/\/tamware.com\/de\/wp-json\/wp\/v2\/comments?post=2520"}],"version-history":[{"count":2,"href":"https:\/\/tamware.com\/de\/wp-json\/wp\/v2\/pages\/2520\/revisions"}],"predecessor-version":[{"id":2777,"href":"https:\/\/tamware.com\/de\/wp-json\/wp\/v2\/pages\/2520\/revisions\/2777"}],"wp:attachment":[{"href":"https:\/\/tamware.com\/de\/wp-json\/wp\/v2\/media?parent=2520"}],"curies":[{"name":"wp","href":"https:\/\/api.w.org\/{rel}","templated":true}]}}